{"id":14,"date":"2018-02-08T18:32:21","date_gmt":"2018-02-08T18:32:21","guid":{"rendered":"http:\/\/assistenza.electronicprestige.it\/?page_id=14"},"modified":"2018-02-23T18:18:36","modified_gmt":"2018-02-23T17:18:36","slug":"assistenza-prisma","status":"publish","type":"page","link":"https:\/\/assistenza.electronicprestige.it\/?page_id=14","title":{"rendered":"Assistenza Prisma"},"content":{"rendered":"<p>qualche controllo prima di richiedere assistenza:<br \/>\ni problemi pi\u00f9 comuni, spesso si risolvono in pochi minuti!<\/p>\n<ul>\n<li><span style=\"color: #ff6600;\"><strong>E&#8217; un problema elettrico? Il display \u00e8 spento?<\/strong><\/span><br class=\"\" \/> <span style='display:inline;'><input type='hidden' bg_collapse_expand='6a01f043dd6291008883928' value='6a01f043dd6291008883928'><input type='hidden' id='bg-show-more-text-6a01f043dd6291008883928' value='Controlla'><input type='hidden' id='bg-show-less-text-6a01f043dd6291008883928' value='Nascondi'><a id='bg-showmore-action-6a01f043dd6291008883928' class='bg-showmore-plg-link bg-arrow '  style=\" color:#4a4949;\" href='#'>Controlla<\/a><span id='bg-showmore-hidden-6a01f043dd6291008883928' >\n<ul>\n<li style=\"list-style-type: none\">\n<ul>\n<li>Controlla che il cavo di alimentazione sia saldamente connesso, sia dal lato presa elettrica, sia dal lato stufa. Ci vuole un&#8217;attimo a staccarlo con la scopa mentre fai pulizia!<br class=\"\" \/><br class=\"\" \/><\/li>\n<li>Controlla che l&#8217;interruttore principale della stufa sia acceso. Si trova di vicino alla connessione del cavo di alimentazione&#8230;<br class=\"\" \/><br class=\"\" \/><\/li>\n<li>Controlla che ci sia tensione nella presa elettrica alla quale \u00e8 connessa la stufa. Attacca l&#8217;aspirapolvere e vedi se funziona&#8230;<\/li>\n<\/ul>\n<\/li>\n<\/ul>\n<hr \/>\n<p><\/span><\/span><\/li>\n<\/ul>\n<ul>\n<li><span style=\"color: #ff6600;\"><strong>Il pellet non scende nel crogiolo?<\/strong><\/span><br class=\"\" \/> <span style='display:inline;'><input type='hidden' bg_collapse_expand='6a01f043dd8d97031087201' value='6a01f043dd8d97031087201'><input type='hidden' id='bg-show-more-text-6a01f043dd8d97031087201' value='Controlla'><input type='hidden' id='bg-show-less-text-6a01f043dd8d97031087201' value='Nascondi'><a id='bg-showmore-action-6a01f043dd8d97031087201' class='bg-showmore-plg-link bg-arrow '  style=\" color:#4a4949;\" href='#'>Controlla<\/a><span id='bg-showmore-hidden-6a01f043dd8d97031087201' >\n<ul>\n<li style=\"list-style-type: none\">\n<ul>\n<li>Controlla che non sia scattata la protezione termica. Il pulsante di riarmo \u00e8 nascosto dietro questa protezione:<br class=\"\" \/><br class=\"\" \/><a href=\"https:\/\/assistenza.electronicprestige.it\/wp-content\/uploads\/2018\/02\/termica.png\"><img loading=\"lazy\" decoding=\"async\" class=\"alignnone size-full wp-image-53\" src=\"https:\/\/assistenza.electronicprestige.it\/wp-content\/uploads\/2018\/02\/termica.png\" alt=\"\" width=\"283\" height=\"270\" \/><\/a><br class=\"\" \/><br class=\"\" \/>E&#8217; situata nella parte posteriore della stufa, vicino alla connessione elettrica. Nell&#8217;inserto per caminetto, devi estrarlo e guardare a sinistra, vicino alla scheda elettronica. Se \u00e8 presente, devi svitare il tappo nero con una moneta, e premere il pulsante all&#8217;interno, fino a quando senti un click. Pu\u00f2 essere necessario utilizzare una matita o un oggetto appuntito.\u00a0<br class=\"\" \/><span style=\"color: #ff0000\">ATTENZIONE: Se scatta questa protezione significa che sono state raggiunte temperature troppo elevate dell&#8217;aria, o dell&#8217;acqua nell&#8217;impianto se si tratta di una termostufa \/ caldaia. Se il difetto si ripresenta, ti consigliamo di non utilizzare la stufa e di richiedere un intervento, in quanto potrebbe essere una situazione pericolosa!<\/span><br class=\"\" \/><br class=\"\" \/><\/li>\n<li>Controlla che non ci siano corpi estranei o accumuli di segatura nel serbatoio che possano bloccare la coclea di caricamento: spegni la stufa e disinserisci la spina di alimentazione, quindi svuota completamente il serbatoio del pellet con l&#8217;aiuto di una paletta o un pentolino, e aspira accuratamente tutti i residui. Prova quindi ad avviare la stufa <em>senza pellet<\/em>: dopo qualche istante, devi notare che la coclea giri a intervalli regolari, senza sforzo. Se \u00e8 cos\u00ec, ricarica il pellet e riavvia la stufa.<\/li>\n<\/ul>\n<\/li>\n<\/ul>\n<hr \/>\n<p><\/span><\/span><\/li>\n<\/ul>\n<ul>\n<li><span style=\"color: #3366ff;\"><strong><span style=\"color: #ff6600;\">E&#8217; un problema di combustione? La fiamma \u00e8 strana o &#8220;molle&#8221;?<\/span><br \/>\n<span style=\"color: #ff6600;\"> Il pellet non brucia bene e si accumula residuo nel crogiolo?<\/span>\u00a0<\/strong><\/span><br class=\"\" \/><span style='display:inline;'><input type='hidden' bg_collapse_expand='6a01f043dda5e1062312053' value='6a01f043dda5e1062312053'><input type='hidden' id='bg-show-more-text-6a01f043dda5e1062312053' value='Controlla'><input type='hidden' id='bg-show-less-text-6a01f043dda5e1062312053' value='Nascondi'><a id='bg-showmore-action-6a01f043dda5e1062312053' class='bg-showmore-plg-link bg-arrow '  style=\" color:#4a4949;\" href='#'>Controlla<\/a><span id='bg-showmore-hidden-6a01f043dda5e1062312053' ><\/p>\n<ul>\n<li style=\"list-style-type: none\">\n<ul>\n<li>Controlla che tutti gli sportelli, le ispezioni e l&#8217;eventuale cassetto cenere siano chiusi saldamente.<br class=\"\" \/><br class=\"\" \/><\/li>\n<li>Verifica sul manuale d&#8217;uso se hai effettuato correttamente tutte le operazioni di pulizia utente. Clicca su questo link per scaricare il manuale:<br class=\"\" \/><br class=\"\" \/>:: Prisma ::<br class=\"\" \/><br class=\"\" \/><br class=\"\" \/><\/li>\n<li>Controlla ed eventualmente pulisci in canale da fumo, cio\u00e8 il tubo che collega la stufa alla canna fumaria. In particolare il raccordo a &#8220;T&#8221; che solitamente \u00e8 installato subito all&#8217;uscita della stufa. Un accumulo di cenere pu\u00f2 creare un tappo che non permette il giusto passaggio dei fumi.<br class=\"\" \/><br class=\"\" \/><\/li>\n<li>Dai un occhiata veloce alla canna fumaria, anche se l&#8217;hai fatta pulire di recente. Il nido di un uccello sul comignolo&#8230; \u00e8 un eventualit\u00e0 molto pi\u00f9 frequente di quanto ci si possa aspettare!<br class=\"\" \/><br class=\"\" \/><\/li>\n<li>Hai cambiato tipo di pellet? Additivi o maggiore umidit\u00e0 possono provocare questi problemi&#8230; acquista 3 o 4 sacchi di pellet certificato e fai una prova!<\/li>\n<li>E&#8217; ora di eseguire la manutenzione periodica? Se \u00e8 pi\u00f9 di un anno che non fai controllare la stufa da un tecnico, \u00e8 necessario fare una bella pulizia a regola d&#8217;arte. <a href=\"https:\/\/assistenza.electronicprestige.it\/?page_id=157\">Contattaci subito<\/a>!<\/li>\n<\/ul>\n<\/li>\n<\/ul>\n<hr \/>\n<p><\/span><\/span><\/li>\n<\/ul>\n<p>&nbsp;<\/p>\n<p><span style=\"color: #008000;\"><strong>Non hai risolto il problema? Si tratta di un altro difetto?<br class=\"\" \/>e&#8217; ora di contattarci:<\/strong><\/span><\/p>\n<p style=\"padding-left: 30px;\">Compila il modulo qui sotto, sarai ricontattato con la modalit\u00e0 che preferisci, nel minor tempo possibile. Se sei gi\u00e0 nostro cliente, utilizza il nome e cognome che hai gi\u00e0 rilasciato nei precedenti interventi.<\/p>\n<hr \/>\n\n<div class=\"wpcf7 no-js\" id=\"wpcf7-f144-o1\" lang=\"it-IT\" dir=\"ltr\" data-wpcf7-id=\"144\">\n<div class=\"screen-reader-response\"><p role=\"status\" aria-live=\"polite\" aria-atomic=\"true\"><\/p> <ul><\/ul><\/div>\n<form action=\"\/index.php?rest_route=%2Fwp%2Fv2%2Fpages%2F14#wpcf7-f144-o1\" method=\"post\" class=\"wpcf7-form init\" aria-label=\"Modulo di contatto\" novalidate=\"novalidate\" data-status=\"init\">\n<fieldset class=\"hidden-fields-container\"><input type=\"hidden\" name=\"_wpcf7\" value=\"144\" \/><input type=\"hidden\" name=\"_wpcf7_version\" value=\"6.1.5\" \/><input type=\"hidden\" name=\"_wpcf7_locale\" value=\"it_IT\" \/><input type=\"hidden\" name=\"_wpcf7_unit_tag\" value=\"wpcf7-f144-o1\" \/><input type=\"hidden\" name=\"_wpcf7_container_post\" value=\"0\" \/><input type=\"hidden\" name=\"_wpcf7_posted_data_hash\" value=\"\" \/>\n<\/fieldset>\n<p><label> Nome e cognome (richiesto)<br \/>\n<span class=\"wpcf7-form-control-wrap\" data-name=\"Nome\"><input size=\"40\" maxlength=\"400\" class=\"wpcf7-form-control wpcf7-text wpcf7-validates-as-required\" aria-required=\"true\" aria-invalid=\"false\" value=\"\" type=\"text\" name=\"Nome\" \/><\/span> <\/label>\n<\/p>\n<p><label> Email (richiesto)<br \/>\n<span class=\"wpcf7-form-control-wrap\" data-name=\"Email\"><input size=\"40\" maxlength=\"400\" class=\"wpcf7-form-control wpcf7-email wpcf7-validates-as-required wpcf7-text wpcf7-validates-as-email\" aria-required=\"true\" aria-invalid=\"false\" value=\"\" type=\"email\" name=\"Email\" \/><\/span> <\/label>\n<\/p>\n<p><label> Numero di telefono (richiesto)<br \/>\n<span class=\"wpcf7-form-control-wrap\" data-name=\"Telefono\"><input size=\"40\" maxlength=\"400\" class=\"wpcf7-form-control wpcf7-tel wpcf7-validates-as-required wpcf7-text wpcf7-validates-as-tel\" aria-required=\"true\" aria-invalid=\"false\" value=\"\" type=\"tel\" name=\"Telefono\" \/><\/span> <\/label>\n<\/p>\n<p><label> Citt\u00e0 (richiesto)<br \/>\n<span class=\"wpcf7-form-control-wrap\" data-name=\"Citta\"><input size=\"40\" maxlength=\"400\" class=\"wpcf7-form-control wpcf7-text wpcf7-validates-as-required\" aria-required=\"true\" aria-invalid=\"false\" value=\"\" type=\"text\" name=\"Citta\" \/><\/span> <\/label>\n<\/p>\n<p><label> Modello del prodotto Prisma<br \/>\n<span class=\"wpcf7-form-control-wrap\" data-name=\"Modello\"><input size=\"40\" maxlength=\"400\" class=\"wpcf7-form-control wpcf7-text\" aria-invalid=\"false\" value=\"\" type=\"text\" name=\"Modello\" \/><\/span> <\/label>\n<\/p>\n<p><label> Il problema che hai riscontrato o la tua richiesta<br \/>\n<span class=\"wpcf7-form-control-wrap\" data-name=\"Richiesta\"><textarea cols=\"40\" rows=\"10\" maxlength=\"2000\" class=\"wpcf7-form-control wpcf7-textarea\" aria-invalid=\"false\" name=\"Richiesta\"><\/textarea><\/span> <\/label>\n<\/p>\n<p><label> Preferisci essere ricontattato via <span class=\"wpcf7-form-control-wrap\" data-name=\"ModalitaContatto\"><select class=\"wpcf7-form-control wpcf7-select wpcf7-validates-as-required\" aria-required=\"true\" aria-invalid=\"false\" name=\"ModalitaContatto\"><option value=\"Telefono\">Telefono<\/option><option value=\"Email\">Email<\/option><\/select><\/span> <\/label>\n<\/p>\n<p><label>Ricorda che per richiedere assistenza devi essere residente in provincia di NOVARA o VERBANIA e il tuo prodotto a pellet deve essere del brand PRISMA<\/label><span class=\"wpcf7-form-control-wrap\" data-name=\"ResProv\"><span class=\"wpcf7-form-control wpcf7-acceptance\"><span class=\"wpcf7-list-item\"><label><input type=\"checkbox\" name=\"ResProv\" value=\"1\" aria-invalid=\"false\" \/><span class=\"wpcf7-list-item-label\">Ho capito e confermo<\/span><\/label><\/span><\/span><\/span>\n<\/p>\n<p><input class=\"wpcf7-form-control wpcf7-submit has-spinner\" type=\"submit\" value=\"Invia\" \/>\n<\/p><div class=\"wpcf7-response-output\" aria-hidden=\"true\"><\/div>\n<\/form>\n<\/div>\n\n","protected":false},"excerpt":{"rendered":"<p>qualche controllo prima di richiedere assistenza: i problemi pi\u00f9 comuni, spesso si risolvono in pochi minuti! E&#8217; un problema elettrico? Il display \u00e8 spento? Il pellet non scende nel crogiolo? E&#8217; un problema di combustione? La fiamma \u00e8 strana o &#8220;molle&#8221;? Il pellet non brucia bene e si accumula residuo nel crogiolo?\u00a0 &nbsp; Non hai &hellip; <\/p>\n<p class=\"link-more\"><a href=\"https:\/\/assistenza.electronicprestige.it\/?page_id=14\" class=\"more-link\">Leggi tutto<span class=\"screen-reader-text\"> &#8220;Assistenza Prisma&#8221;<\/span><\/a><\/p>\n","protected":false},"author":1,"featured_media":145,"parent":0,"menu_order":0,"comment_status":"closed","ping_status":"closed","template":"","meta":{"footnotes":""},"class_list":["post-14","page","type-page","status-publish","has-post-thumbnail","hentry"],"_links":{"self":[{"href":"https:\/\/assistenza.electronicprestige.it\/index.php?rest_route=\/wp\/v2\/pages\/14","targetHints":{"allow":["GET"]}}],"collection":[{"href":"https:\/\/assistenza.electronicprestige.it\/index.php?rest_route=\/wp\/v2\/pages"}],"about":[{"href":"https:\/\/assistenza.electronicprestige.it\/index.php?rest_route=\/wp\/v2\/types\/page"}],"author":[{"embeddable":true,"href":"https:\/\/assistenza.electronicprestige.it\/index.php?rest_route=\/wp\/v2\/users\/1"}],"replies":[{"embeddable":true,"href":"https:\/\/assistenza.electronicprestige.it\/index.php?rest_route=%2Fwp%2Fv2%2Fcomments&post=14"}],"version-history":[{"count":7,"href":"https:\/\/assistenza.electronicprestige.it\/index.php?rest_route=\/wp\/v2\/pages\/14\/revisions"}],"predecessor-version":[{"id":171,"href":"https:\/\/assistenza.electronicprestige.it\/index.php?rest_route=\/wp\/v2\/pages\/14\/revisions\/171"}],"wp:featuredmedia":[{"embeddable":true,"href":"https:\/\/assistenza.electronicprestige.it\/index.php?rest_route=\/wp\/v2\/media\/145"}],"wp:attachment":[{"href":"https:\/\/assistenza.electronicprestige.it\/index.php?rest_route=%2Fwp%2Fv2%2Fmedia&parent=14"}],"curies":[{"name":"wp","href":"https:\/\/api.w.org\/{rel}","templated":true}]}}